{"id":4139,"date":"2019-08-06T11:11:03","date_gmt":"2019-08-06T11:11:03","guid":{"rendered":"https:\/\/past.hrportal.md\/?page_id=4139"},"modified":"2019-08-08T12:38:53","modified_gmt":"2019-08-08T09:38:53","slug":"noutati","status":"publish","type":"page","link":"https:\/\/past.hrportal.md\/ro\/noutati\/","title":{"rendered":"Nout\u0103\u021bi"},"content":{"rendered":"<p>[vc_row css=&#8221;.vc_custom_1565256779138{padding-top: 50px !important;padding-bottom: 90px !important;}&#8221;][vc_column align=&#8221;text-center&#8221; offset=&#8221;vc_col-md-offset-2 vc_col-md-8&#8243;]<style>.ld_fancy_heading_69efb392c9091 h3 {margin-bottom:0.15em !important;  } .ld_fancy_heading_69efb392c9091 .lqd-highlight-inner{height:0.275em;bottom:0px;}.ld_fancy_heading_69efb392c9091 h3 {margin-bottom:0.15em !important;  } <\/style><div class=\"ld-fancy-heading ld_fancy_heading_69efb392c9091\">\n\t<h3 class=\"lqd-highlight-underline lqd-highlight-grow-left\" ><span class=\"ld-fh-txt\"> Nout\u0103\u021bi<\/span><\/h3><\/div><style>.ld_fancy_heading_69efb392cad0f .lqd-highlight-inner{height:0.275em;bottom:0px;}<\/style><div class=\"ld-fancy-heading ld_fancy_heading_69efb392cad0f\">\n\t<p class=\"lqd-highlight-underline lqd-highlight-grow-left\" ><span class=\"ld-fh-txt\"> Cele mai recente informa\u021bii din domeniul resurselor umane<\/span><\/p><\/div><style>.ld_spacer_69efb392cafa9{height:60px;}<\/style>\n<div class=\"ld-empty-space ld_spacer_69efb392cafa9\"><span class=\"liquid_empty_space_inner\"><\/span><\/div>[\/vc_column][vc_column]<style>.ld_blog_69efb392cb1e6 .liquid-blog-grid{margin-left:-15px;margin-right:-15px;}.ld_blog_69efb392cb1e6 .liquid-blog-grid > div{padding-left:15px;padding-right:15px;}.ld_blog_69efb392cb1e6 .liquid-blog-grid .liquid-lp{margin-bottom:30px;}.ld_blog_69efb392cb1e6 .filter-list{margin-bottom:px;}.ld_blog_69efb392cb1e6 .liquid-blog-item .liquid-lp-title,.ld_blog_69efb392cb1e6 .liquid-lp .liquid-lp-title{font-size:36;font-weight:500!important;margin-top:px;margin-bottom:px;}<\/style><div data-filter-id=\"ld-1565255385378-aeae65e0-7ea4\" class=\"liquid-blog-posts ld_blog_69efb392cb1e6 ld-1565255385379-7fdb0d98-6bb4 \" data-post-per-page=\"5\"><div class=\"liquid-blog-grid liquid-blog-style-split row\" data-liquid-masonry=\"true\" data-masonry-options='{ \"stagger\": 50, \"hiddenStyle\": { \"transform\": \"translateY(100px)\", \"opacity\": 0 }, \"visibleStyle\": { \"transform\": \"translateY(0)\", \"opacity\": 1 }, \"filtersID\": \"#ld-1565255385378-aeae65e0-7ea4\" }'><div class=\"col-sm-12 masonry-item blog hrpro hrstart news noutati\"><article id=\"post-10568\" class=\"liquid-lp liquid-blog-item liquid-blog-item-split liquid-blog-scheme-dark liquid-blog-scheme-dark-alt post-10568 post type-post status-publish format-standard hentry category-blog category-hrpro category-hrstart category-news category-noutati\">\n<div class=\"liquid-blog-item-inner\">\n\t<a  href=\"https:\/\/past.hrportal.md\/ro\/2022\/05\/23\/cum-sa-ti-construiesti-o-cariera-in-hr-si-de-ce-acum-e-momentul-potrivit\/\" class=\"liquid-overlay-link\">CUM S\u0102-\u021aI CONSTRUIE\u0218TI O CARIER\u0102 \u00ceN HR \u0218I DE CE ACUM E MOMENTUL POTRIVIT?<\/a>\t<header class=\"liquid-lp-header\">\n\t\t<h2 class=\"liquid-lp-title font-weight-bold h3 size-md\">\n\t\t\t<a href=\"https:\/\/past.hrportal.md\/ro\/2022\/05\/23\/cum-sa-ti-construiesti-o-cariera-in-hr-si-de-ce-acum-e-momentul-potrivit\/\" data-split-text=\"true\" data-split-options='{ \"type\": \"lines\" }'>CUM S\u0102-\u021aI CONSTRUIE\u0218TI O CARIER\u0102 \u00ceN HR \u0218I DE CE ACUM E MOMENTUL POTRIVIT?<\/a>\n\t\t<\/h2>\n\t\t<div class=\"liquid-lp-details liquid-lp-details-lined size-sm text-uppercase lp-sp-1\">\n\t\t\t\t\t\t<time class=\"published updated liquid-lp-date\" datetime=\"2022-05-23T18:08:26+03:00\">mai 23, 2022<\/time>\t\t<\/div><!-- \/.liquid-lp-details -->\n\t<\/header>\n\t\n\t\t\t\t<div class=\"liquid-lp-excerpt entry-summary \">\n\t\t\t\t<p>Vrei o schimbare \u0219i nu \u0219tii de unde s\u0103 \u00eencepi?\u00a0 Sim\u021bi c\u0103 a venit momentul s\u0103 faci o schimbare \u00een carier\u0103? \u021ai-ar pl\u0103cea s\u0103 lucrezi cu oamenii, s\u0103 comunici mai mult dar \u0219i s\u0103 ai perspective reale de cre\u0219tere \u0219i<\/p>\n\t\t\t<\/div><!-- \/.latest-post-excerpt -->\n\t\t\t\n\t<footer class=\"liquid-lp-footer\">\n\t\t<a href=\"https:\/\/past.hrportal.md\/ro\/2022\/05\/23\/cum-sa-ti-construiesti-o-cariera-in-hr-si-de-ce-acum-e-momentul-potrivit\/\" class=\"btn btn-naked text-uppercase ltr-sp-1 size-sm font-weight-bold liquid-lp-read-more\">\n\t\t\t<span>\n\t\t\t\t<span class=\"btn-line btn-line-before\"><\/span>\n\t\t\t\t<span class=\"btn-txt\">Continua\u021bi lectur\u0103<\/span>\n\t\t\t\t<span class=\"btn-line btn-line-after\"><\/span>\n\t\t\t<\/span>\n\t\t<\/a>\n\t<\/footer>\n\t\n<\/div><!-- \/.liquid-blog-item-inner --><\/article><\/div><div class=\"col-sm-12 masonry-item blog news noutati\"><article id=\"post-10539\" class=\"liquid-lp liquid-blog-item liquid-blog-item-split liquid-blog-scheme-dark liquid-blog-scheme-dark-alt post-10539 post type-post status-publish format-standard has-post-thumbnail hentry category-blog category-news category-noutati\"><figure class=\"liquid-lp-media \"  ><a  href=\"https:\/\/past.hrportal.md\/ro\/2022\/03\/07\/3-erori-in-evidenta-hr-care-iti-pot-aduce-sanctiuni-mai-mari-decat-costul-externalizarii\/\"><img loading=\"lazy\" decoding=\"async\" width=\"570\" height=\"350\" src=\"https:\/\/past.hrportal.md\/wp-content\/uploads\/2022\/03\/Design-fara-titlu-6-570x350.png\" class=\"attachment-liquid-split-blog size-liquid-split-blog wp-post-image\" alt=\"\" \/><\/a><\/figure>\n<div class=\"liquid-blog-item-inner\">\n\t<a  href=\"https:\/\/past.hrportal.md\/ro\/2022\/03\/07\/3-erori-in-evidenta-hr-care-iti-pot-aduce-sanctiuni-mai-mari-decat-costul-externalizarii\/\" class=\"liquid-overlay-link\">3 erori \u00een eviden\u021ba HR care \u00ee\u021bi pot aduce sanc\u021biuni mai mari dec\u00e2t costul externaliz\u0103rii<\/a>\t<header class=\"liquid-lp-header\">\n\t\t<h2 class=\"liquid-lp-title font-weight-bold h3 size-md\">\n\t\t\t<a href=\"https:\/\/past.hrportal.md\/ro\/2022\/03\/07\/3-erori-in-evidenta-hr-care-iti-pot-aduce-sanctiuni-mai-mari-decat-costul-externalizarii\/\" data-split-text=\"true\" data-split-options='{ \"type\": \"lines\" }'>3 erori \u00een eviden\u021ba HR care \u00ee\u021bi pot aduce sanc\u021biuni mai mari dec\u00e2t costul externaliz\u0103rii<\/a>\n\t\t<\/h2>\n\t\t<div class=\"liquid-lp-details liquid-lp-details-lined size-sm text-uppercase lp-sp-1\">\n\t\t\t\t\t\t<time class=\"published updated liquid-lp-date\" datetime=\"2022-03-07T15:47:52+03:00\">martie 7, 2022<\/time>\t\t<\/div><!-- \/.liquid-lp-details -->\n\t<\/header>\n\t\n\t\t\t\t<div class=\"liquid-lp-excerpt entry-summary \">\n\t\t\t\t<p>&nbsp; \u201dDe ce s\u0103 pl\u0103tesc lunar serviciile de eviden\u021b\u0103 HR, c\u00e2nd pot s\u0103 apelez la un serviciu unic de restabilire anual\u0103 a documentelor de personal \u0219i s\u0103 economisesc bani?\u201d Auzim des aceast\u0103 \u00eentrebare. Din p\u0103cate, mul\u021bi manageri \u00een\u021beleg cu adev\u0103rat<\/p>\n\t\t\t<\/div><!-- \/.latest-post-excerpt -->\n\t\t\t\n\t<footer class=\"liquid-lp-footer\">\n\t\t<a href=\"https:\/\/past.hrportal.md\/ro\/2022\/03\/07\/3-erori-in-evidenta-hr-care-iti-pot-aduce-sanctiuni-mai-mari-decat-costul-externalizarii\/\" class=\"btn btn-naked text-uppercase ltr-sp-1 size-sm font-weight-bold liquid-lp-read-more\">\n\t\t\t<span>\n\t\t\t\t<span class=\"btn-line btn-line-before\"><\/span>\n\t\t\t\t<span class=\"btn-txt\">Continua\u021bi lectur\u0103<\/span>\n\t\t\t\t<span class=\"btn-line btn-line-after\"><\/span>\n\t\t\t<\/span>\n\t\t<\/a>\n\t<\/footer>\n\t\n<\/div><!-- \/.liquid-blog-item-inner --><\/article><\/div><\/div><!--\/ .row --><\/div><!--\/ .liquid-blog-posts -->[\/vc_column][\/vc_row]<\/p>\n","protected":false},"excerpt":{"rendered":"<p>[vc_row css=&#8221;.vc_custom_1565256779138{padding-top: 50px !important;padding-bottom: 90px !important;}&#8221;][vc_column align=&#8221;text-center&#8221; offset=&#8221;vc_col-md-offset-2 vc_col-md-8&#8243;][\/vc_column][vc_column][\/vc_column][\/vc_row]<\/p>\n","protected":false},"author":1,"featured_media":0,"parent":0,"menu_order":0,"comment_status":"closed","ping_status":"closed","template":"","meta":{"footnotes":""},"class_list":["post-4139","page","type-page","status-publish","hentry"],"yoast_head":"<!-- This site is optimized with the Yoast SEO plugin v27.4 - https:\/\/yoast.com\/product\/yoast-seo-wordpress\/ -->\n<title>Nout\u0103\u021bi | HRPortal<\/title>\n<meta name=\"robots\" content=\"index, follow, max-snippet:-1, max-image-preview:large, max-video-preview:-1\" \/>\n<link rel=\"canonical\" href=\"https:\/\/past.hrportal.md\/ro\/noutati\/\" \/>\n<meta property=\"og:locale\" content=\"ro_RO\" \/>\n<meta property=\"og:type\" content=\"article\" \/>\n<meta property=\"og:title\" content=\"Nout\u0103\u021bi | HRPortal\" \/>\n<meta property=\"og:description\" content=\"[vc_row css=&#8221;.vc_custom_1565256779138{padding-top: 50px !important;padding-bottom: 90px !important;}&#8221;][vc_column align=&#8221;text-center&#8221; offset=&#8221;vc_col-md-offset-2 vc_col-md-8&#8243;][\/vc_column][vc_column][\/vc_column][\/vc_row]\" \/>\n<meta property=\"og:url\" content=\"https:\/\/past.hrportal.md\/ro\/noutati\/\" \/>\n<meta property=\"og:site_name\" content=\"HRPortal\" \/>\n<meta property=\"article:modified_time\" content=\"2019-08-08T09:38:53+00:00\" \/>\n<meta name=\"twitter:card\" content=\"summary_large_image\" \/>\n<meta name=\"twitter:label1\" content=\"Timp estimat pentru citire\" \/>\n\t<meta name=\"twitter:data1\" content=\"1 minut\" \/>\n<script type=\"application\/ld+json\" class=\"yoast-schema-graph\">{\"@context\":\"https:\\\/\\\/schema.org\",\"@graph\":[{\"@type\":\"WebPage\",\"@id\":\"https:\\\/\\\/past.hrportal.md\\\/ro\\\/noutati\\\/\",\"url\":\"https:\\\/\\\/past.hrportal.md\\\/ro\\\/noutati\\\/\",\"name\":\"Nout\u0103\u021bi | HRPortal\",\"isPartOf\":{\"@id\":\"https:\\\/\\\/past.hrportal.md\\\/ro\\\/#website\"},\"datePublished\":\"2019-08-06T11:11:03+00:00\",\"dateModified\":\"2019-08-08T09:38:53+00:00\",\"breadcrumb\":{\"@id\":\"https:\\\/\\\/past.hrportal.md\\\/ro\\\/noutati\\\/#breadcrumb\"},\"inLanguage\":\"ro-RO\",\"potentialAction\":[{\"@type\":\"ReadAction\",\"target\":[\"https:\\\/\\\/past.hrportal.md\\\/ro\\\/noutati\\\/\"]}]},{\"@type\":\"BreadcrumbList\",\"@id\":\"https:\\\/\\\/past.hrportal.md\\\/ro\\\/noutati\\\/#breadcrumb\",\"itemListElement\":[{\"@type\":\"ListItem\",\"position\":1,\"name\":\"Prima pagin\u0103\",\"item\":\"https:\\\/\\\/past.hrportal.md\\\/ro\\\/\"},{\"@type\":\"ListItem\",\"position\":2,\"name\":\"Nout\u0103\u021bi\"}]},{\"@type\":\"WebSite\",\"@id\":\"https:\\\/\\\/past.hrportal.md\\\/ro\\\/#website\",\"url\":\"https:\\\/\\\/past.hrportal.md\\\/ro\\\/\",\"name\":\"HRPortal\",\"description\":\"Cursuri de instruire \u0219i consultan\u021b\u0103 \u00een managementul resurselor umane\",\"potentialAction\":[{\"@type\":\"SearchAction\",\"target\":{\"@type\":\"EntryPoint\",\"urlTemplate\":\"https:\\\/\\\/past.hrportal.md\\\/ro\\\/?s={search_term_string}\"},\"query-input\":{\"@type\":\"PropertyValueSpecification\",\"valueRequired\":true,\"valueName\":\"search_term_string\"}}],\"inLanguage\":\"ro-RO\"}]}<\/script>\n<!-- \/ Yoast SEO plugin. -->","yoast_head_json":{"title":"Nout\u0103\u021bi | HRPortal","robots":{"index":"index","follow":"follow","max-snippet":"max-snippet:-1","max-image-preview":"max-image-preview:large","max-video-preview":"max-video-preview:-1"},"canonical":"https:\/\/past.hrportal.md\/ro\/noutati\/","og_locale":"ro_RO","og_type":"article","og_title":"Nout\u0103\u021bi | HRPortal","og_description":"[vc_row css=&#8221;.vc_custom_1565256779138{padding-top: 50px !important;padding-bottom: 90px !important;}&#8221;][vc_column align=&#8221;text-center&#8221; offset=&#8221;vc_col-md-offset-2 vc_col-md-8&#8243;][\/vc_column][vc_column][\/vc_column][\/vc_row]","og_url":"https:\/\/past.hrportal.md\/ro\/noutati\/","og_site_name":"HRPortal","article_modified_time":"2019-08-08T09:38:53+00:00","twitter_card":"summary_large_image","twitter_misc":{"Timp estimat pentru citire":"1 minut"},"schema":{"@context":"https:\/\/schema.org","@graph":[{"@type":"WebPage","@id":"https:\/\/past.hrportal.md\/ro\/noutati\/","url":"https:\/\/past.hrportal.md\/ro\/noutati\/","name":"Nout\u0103\u021bi | HRPortal","isPartOf":{"@id":"https:\/\/past.hrportal.md\/ro\/#website"},"datePublished":"2019-08-06T11:11:03+00:00","dateModified":"2019-08-08T09:38:53+00:00","breadcrumb":{"@id":"https:\/\/past.hrportal.md\/ro\/noutati\/#breadcrumb"},"inLanguage":"ro-RO","potentialAction":[{"@type":"ReadAction","target":["https:\/\/past.hrportal.md\/ro\/noutati\/"]}]},{"@type":"BreadcrumbList","@id":"https:\/\/past.hrportal.md\/ro\/noutati\/#breadcrumb","itemListElement":[{"@type":"ListItem","position":1,"name":"Prima pagin\u0103","item":"https:\/\/past.hrportal.md\/ro\/"},{"@type":"ListItem","position":2,"name":"Nout\u0103\u021bi"}]},{"@type":"WebSite","@id":"https:\/\/past.hrportal.md\/ro\/#website","url":"https:\/\/past.hrportal.md\/ro\/","name":"HRPortal","description":"Cursuri de instruire \u0219i consultan\u021b\u0103 \u00een managementul resurselor umane","potentialAction":[{"@type":"SearchAction","target":{"@type":"EntryPoint","urlTemplate":"https:\/\/past.hrportal.md\/ro\/?s={search_term_string}"},"query-input":{"@type":"PropertyValueSpecification","valueRequired":true,"valueName":"search_term_string"}}],"inLanguage":"ro-RO"}]}},"_links":{"self":[{"href":"https:\/\/past.hrportal.md\/ro\/wp-json\/wp\/v2\/pages\/4139","targetHints":{"allow":["GET"]}}],"collection":[{"href":"https:\/\/past.hrportal.md\/ro\/wp-json\/wp\/v2\/pages"}],"about":[{"href":"https:\/\/past.hrportal.md\/ro\/wp-json\/wp\/v2\/types\/page"}],"author":[{"embeddable":true,"href":"https:\/\/past.hrportal.md\/ro\/wp-json\/wp\/v2\/users\/1"}],"replies":[{"embeddable":true,"href":"https:\/\/past.hrportal.md\/ro\/wp-json\/wp\/v2\/comments?post=4139"}],"version-history":[{"count":0,"href":"https:\/\/past.hrportal.md\/ro\/wp-json\/wp\/v2\/pages\/4139\/revisions"}],"wp:attachment":[{"href":"https:\/\/past.hrportal.md\/ro\/wp-json\/wp\/v2\/media?parent=4139"}],"curies":[{"name":"wp","href":"https:\/\/api.w.org\/{rel}","templated":true}]}}