{"id":4180,"date":"2019-08-06T11:24:22","date_gmt":"2019-08-06T11:24:22","guid":{"rendered":"https:\/\/past.hrportal.md\/?page_id=4180"},"modified":"2020-02-04T13:37:51","modified_gmt":"2020-02-04T10:37:51","slug":"cursuri-de-certificare-in-alte-domenii","status":"publish","type":"page","link":"https:\/\/past.hrportal.md\/ro\/cursuri-de-certificare-in-alte-domenii\/","title":{"rendered":"Cursuri de certificare \u00een alte domenii"},"content":{"rendered":"<p>[vc_row parallax=&#8221;enable_parallax&#8221; css=&#8221;.vc_custom_1580812464266{padding-top: 240px !important;padding-bottom: 320px !important;background-image: url(http:\/\/past.hrportal.md\/wp-content\/uploads\/2019\/10\/2-e1569769866707-1.jpg?id=7966) !important;background-position: center;background-repeat: no-repeat;background-size: cover !important;}&#8221;][vc_column offset=&#8221;vc_col-md-8&#8243;]<style>@media (min-width: 992px) { .ld_fancy_heading_69efb4ebc9f0b h3 {margin-right:5% !important;  }  } .ld_fancy_heading_69efb4ebc9f0b .lqd-highlight-inner{height:0.275em;bottom:0px;}@media (min-width: 992px) { .ld_fancy_heading_69efb4ebc9f0b h3 {margin-right:5% !important;  }  } <\/style><div class=\"ld-fancy-heading ld_fancy_heading_69efb4ebc9f0b\">\n\t<h3 class=\"lqd-highlight-underline lqd-highlight-grow-left\" data-fittext=\"true\" data-fittext-options='{\"compressor\":0.7,\"maxFontSize\":\"48\",\"minFontSize\":\"40\"}' data-split-text=\"true\" data-custom-animations=\"true\" data-ca-options='{\"triggerHandler\":\"inview\",\"animationTarget\":\".lqd-chars .split-inner\",\"duration\":\"1000\",\"startDelay\":\"150\",\"delay\":\"40\",\"easing\":\"easeOutBack\",\"direction\":\"forward\",\"initValues\":{\"translateY\":35,\"rotateZ\":5,\"opacity\":0},\"animations\":{\"translateY\":0,\"rotateZ\":0,\"opacity\":1}}' data-split-options='{\"type\":\"chars, words\"}'><span class=\"ld-fh-txt\"> Pagina dat\u0103 se afl\u0103 \u00een <span style=\"color: #8eae25\">proces de construc\u021bie.<\/span><\/span><\/h3><\/div>[\/vc_column][\/vc_row]<\/p>\n","protected":false},"excerpt":{"rendered":"<p>[vc_row parallax=&#8221;enable_parallax&#8221; css=&#8221;.vc_custom_1580812464266{padding-top: 240px !important;padding-bottom: 320px !important;background-image: url(http:\/\/past.hrportal.md\/wp-content\/uploads\/2019\/10\/2-e1569769866707-1.jpg?id=7966) !important;background-position: center;background-repeat: no-repeat;background-size: cover !important;}&#8221;][vc_column offset=&#8221;vc_col-md-8&#8243;][\/vc_column][\/vc_row]<\/p>\n","protected":false},"author":1,"featured_media":0,"parent":0,"menu_order":0,"comment_status":"closed","ping_status":"closed","template":"","meta":{"footnotes":""},"class_list":["post-4180","page","type-page","status-publish","hentry"],"yoast_head":"<!-- This site is optimized with the Yoast SEO plugin v27.4 - https:\/\/yoast.com\/product\/yoast-seo-wordpress\/ -->\n<title>Cursuri de certificare \u00een alte domenii | HRPortal<\/title>\n<meta name=\"robots\" content=\"index, follow, max-snippet:-1, max-image-preview:large, max-video-preview:-1\" \/>\n<link rel=\"canonical\" href=\"https:\/\/past.hrportal.md\/ro\/cursuri-de-certificare-in-alte-domenii\/\" \/>\n<meta property=\"og:locale\" content=\"ro_RO\" \/>\n<meta property=\"og:type\" content=\"article\" \/>\n<meta property=\"og:title\" content=\"Cursuri de certificare \u00een alte domenii | HRPortal\" \/>\n<meta property=\"og:description\" content=\"[vc_row parallax=&#8221;enable_parallax&#8221; css=&#8221;.vc_custom_1580812464266{padding-top: 240px !important;padding-bottom: 320px !important;background-image: url(http:\/\/past.hrportal.md\/wp-content\/uploads\/2019\/10\/2-e1569769866707-1.jpg?id=7966) !important;background-position: center;background-repeat: no-repeat;background-size: cover !important;}&#8221;][vc_column offset=&#8221;vc_col-md-8&#8243;][\/vc_column][\/vc_row]\" \/>\n<meta property=\"og:url\" content=\"https:\/\/past.hrportal.md\/ro\/cursuri-de-certificare-in-alte-domenii\/\" \/>\n<meta property=\"og:site_name\" content=\"HRPortal\" \/>\n<meta property=\"article:modified_time\" content=\"2020-02-04T10:37:51+00:00\" \/>\n<meta name=\"twitter:card\" content=\"summary_large_image\" \/>\n<meta name=\"twitter:label1\" content=\"Timp estimat pentru citire\" \/>\n\t<meta name=\"twitter:data1\" content=\"1 minut\" \/>\n<script type=\"application\/ld+json\" class=\"yoast-schema-graph\">{\"@context\":\"https:\\\/\\\/schema.org\",\"@graph\":[{\"@type\":\"WebPage\",\"@id\":\"https:\\\/\\\/past.hrportal.md\\\/ro\\\/cursuri-de-certificare-in-alte-domenii\\\/\",\"url\":\"https:\\\/\\\/past.hrportal.md\\\/ro\\\/cursuri-de-certificare-in-alte-domenii\\\/\",\"name\":\"Cursuri de certificare \u00een alte domenii | HRPortal\",\"isPartOf\":{\"@id\":\"https:\\\/\\\/past.hrportal.md\\\/ro\\\/#website\"},\"datePublished\":\"2019-08-06T11:24:22+00:00\",\"dateModified\":\"2020-02-04T10:37:51+00:00\",\"breadcrumb\":{\"@id\":\"https:\\\/\\\/past.hrportal.md\\\/ro\\\/cursuri-de-certificare-in-alte-domenii\\\/#breadcrumb\"},\"inLanguage\":\"ro-RO\",\"potentialAction\":[{\"@type\":\"ReadAction\",\"target\":[\"https:\\\/\\\/past.hrportal.md\\\/ro\\\/cursuri-de-certificare-in-alte-domenii\\\/\"]}]},{\"@type\":\"BreadcrumbList\",\"@id\":\"https:\\\/\\\/past.hrportal.md\\\/ro\\\/cursuri-de-certificare-in-alte-domenii\\\/#breadcrumb\",\"itemListElement\":[{\"@type\":\"ListItem\",\"position\":1,\"name\":\"Prima pagin\u0103\",\"item\":\"https:\\\/\\\/past.hrportal.md\\\/ro\\\/\"},{\"@type\":\"ListItem\",\"position\":2,\"name\":\"Cursuri de certificare \u00een alte domenii\"}]},{\"@type\":\"WebSite\",\"@id\":\"https:\\\/\\\/past.hrportal.md\\\/ro\\\/#website\",\"url\":\"https:\\\/\\\/past.hrportal.md\\\/ro\\\/\",\"name\":\"HRPortal\",\"description\":\"Cursuri de instruire \u0219i consultan\u021b\u0103 \u00een managementul resurselor umane\",\"potentialAction\":[{\"@type\":\"SearchAction\",\"target\":{\"@type\":\"EntryPoint\",\"urlTemplate\":\"https:\\\/\\\/past.hrportal.md\\\/ro\\\/?s={search_term_string}\"},\"query-input\":{\"@type\":\"PropertyValueSpecification\",\"valueRequired\":true,\"valueName\":\"search_term_string\"}}],\"inLanguage\":\"ro-RO\"}]}<\/script>\n<!-- \/ Yoast SEO plugin. -->","yoast_head_json":{"title":"Cursuri de certificare \u00een alte domenii | HRPortal","robots":{"index":"index","follow":"follow","max-snippet":"max-snippet:-1","max-image-preview":"max-image-preview:large","max-video-preview":"max-video-preview:-1"},"canonical":"https:\/\/past.hrportal.md\/ro\/cursuri-de-certificare-in-alte-domenii\/","og_locale":"ro_RO","og_type":"article","og_title":"Cursuri de certificare \u00een alte domenii | HRPortal","og_description":"[vc_row parallax=&#8221;enable_parallax&#8221; css=&#8221;.vc_custom_1580812464266{padding-top: 240px !important;padding-bottom: 320px !important;background-image: url(http:\/\/past.hrportal.md\/wp-content\/uploads\/2019\/10\/2-e1569769866707-1.jpg?id=7966) !important;background-position: center;background-repeat: no-repeat;background-size: cover !important;}&#8221;][vc_column offset=&#8221;vc_col-md-8&#8243;][\/vc_column][\/vc_row]","og_url":"https:\/\/past.hrportal.md\/ro\/cursuri-de-certificare-in-alte-domenii\/","og_site_name":"HRPortal","article_modified_time":"2020-02-04T10:37:51+00:00","twitter_card":"summary_large_image","twitter_misc":{"Timp estimat pentru citire":"1 minut"},"schema":{"@context":"https:\/\/schema.org","@graph":[{"@type":"WebPage","@id":"https:\/\/past.hrportal.md\/ro\/cursuri-de-certificare-in-alte-domenii\/","url":"https:\/\/past.hrportal.md\/ro\/cursuri-de-certificare-in-alte-domenii\/","name":"Cursuri de certificare \u00een alte domenii | HRPortal","isPartOf":{"@id":"https:\/\/past.hrportal.md\/ro\/#website"},"datePublished":"2019-08-06T11:24:22+00:00","dateModified":"2020-02-04T10:37:51+00:00","breadcrumb":{"@id":"https:\/\/past.hrportal.md\/ro\/cursuri-de-certificare-in-alte-domenii\/#breadcrumb"},"inLanguage":"ro-RO","potentialAction":[{"@type":"ReadAction","target":["https:\/\/past.hrportal.md\/ro\/cursuri-de-certificare-in-alte-domenii\/"]}]},{"@type":"BreadcrumbList","@id":"https:\/\/past.hrportal.md\/ro\/cursuri-de-certificare-in-alte-domenii\/#breadcrumb","itemListElement":[{"@type":"ListItem","position":1,"name":"Prima pagin\u0103","item":"https:\/\/past.hrportal.md\/ro\/"},{"@type":"ListItem","position":2,"name":"Cursuri de certificare \u00een alte domenii"}]},{"@type":"WebSite","@id":"https:\/\/past.hrportal.md\/ro\/#website","url":"https:\/\/past.hrportal.md\/ro\/","name":"HRPortal","description":"Cursuri de instruire \u0219i consultan\u021b\u0103 \u00een managementul resurselor umane","potentialAction":[{"@type":"SearchAction","target":{"@type":"EntryPoint","urlTemplate":"https:\/\/past.hrportal.md\/ro\/?s={search_term_string}"},"query-input":{"@type":"PropertyValueSpecification","valueRequired":true,"valueName":"search_term_string"}}],"inLanguage":"ro-RO"}]}},"_links":{"self":[{"href":"https:\/\/past.hrportal.md\/ro\/wp-json\/wp\/v2\/pages\/4180","targetHints":{"allow":["GET"]}}],"collection":[{"href":"https:\/\/past.hrportal.md\/ro\/wp-json\/wp\/v2\/pages"}],"about":[{"href":"https:\/\/past.hrportal.md\/ro\/wp-json\/wp\/v2\/types\/page"}],"author":[{"embeddable":true,"href":"https:\/\/past.hrportal.md\/ro\/wp-json\/wp\/v2\/users\/1"}],"replies":[{"embeddable":true,"href":"https:\/\/past.hrportal.md\/ro\/wp-json\/wp\/v2\/comments?post=4180"}],"version-history":[{"count":0,"href":"https:\/\/past.hrportal.md\/ro\/wp-json\/wp\/v2\/pages\/4180\/revisions"}],"wp:attachment":[{"href":"https:\/\/past.hrportal.md\/ro\/wp-json\/wp\/v2\/media?parent=4180"}],"curies":[{"name":"wp","href":"https:\/\/api.w.org\/{rel}","templated":true}]}}